{"id":765,"date":"2020-05-21T22:44:50","date_gmt":"2020-05-21T22:44:50","guid":{"rendered":"https:\/\/agathaubiali.com.br\/site\/?page_id=765"},"modified":"2020-08-02T20:56:39","modified_gmt":"2020-08-02T20:56:39","slug":"bichectomia","status":"publish","type":"page","link":"https:\/\/agathaubiali.com.br\/site\/bichectomia\/","title":{"rendered":"Bichectomia"},"content":{"rendered":"\t\t<div data-elementor-type=\"wp-page\" data-elementor-id=\"765\" class=\"elementor elementor-765\">\n\t\t\t\t\t\t<section class=\"elementor-section elementor-top-section elementor-element elementor-element-de75fc9 elementor-section-boxed elementor-section-height-default elementor-section-height-default\" data-id=\"de75fc9\" data-element_type=\"section\" data-settings=\"{&quot;background_background&quot;:&quot;classic&quot;}\">\n\t\t\t\t\t\t<div class=\"elementor-container elementor-column-gap-default\">\n\t\t\t\t\t<div class=\"elementor-column elementor-col-100 elementor-top-column elementor-element elementor-element-3078e16\" data-id=\"3078e16\" data-element_type=\"column\">\n\t\t\t<div class=\"elementor-widget-wrap elementor-element-populated\">\n\t\t\t\t\t\t<div class=\"elementor-element elementor-element-5d6d051 elementor-widget elementor-widget-text-editor\" data-id=\"5d6d051\" data-element_type=\"widget\" data-widget_type=\"text-editor.default\">\n\t\t\t\t<div class=\"elementor-widget-container\">\n\t\t\t\t\t\t\t\t\t<p>Est\u00e9tica, rejuvenescimento, naturalidade e mais beleza \u00e0 face<\/p>\t\t\t\t\t\t\t\t<\/div>\n\t\t\t\t<\/div>\n\t\t\t\t\t<\/div>\n\t\t<\/div>\n\t\t\t\t\t<\/div>\n\t\t<\/section>\n\t\t\t\t<section class=\"elementor-section elementor-top-section elementor-element elementor-element-5a21736 elementor-section-content-middle elementor-section-boxed elementor-section-height-default elementor-section-height-default\" data-id=\"5a21736\" data-element_type=\"section\">\n\t\t\t\t\t\t<div class=\"elementor-container elementor-column-gap-default\">\n\t\t\t\t\t<div class=\"elementor-column elementor-col-50 elementor-top-column elementor-element elementor-element-5f891c8\" data-id=\"5f891c8\" data-element_type=\"column\">\n\t\t\t<div class=\"elementor-widget-wrap elementor-element-populated\">\n\t\t\t\t\t\t<div class=\"elementor-element elementor-element-99d0a71 elementor-widget elementor-widget-text-editor\" data-id=\"99d0a71\" data-element_type=\"widget\" data-widget_type=\"text-editor.default\">\n\t\t\t\t<div class=\"elementor-widget-container\">\n\t\t\t\t\t\t\t\t\t<p>Op\u00e7\u00f5es de <span style=\"color: #999; font-size: 1.3em;\">tratamento<\/span> &gt; Bichectomia<\/p>\t\t\t\t\t\t\t\t<\/div>\n\t\t\t\t<\/div>\n\t\t\t\t\t<\/div>\n\t\t<\/div>\n\t\t\t\t<div class=\"elementor-column elementor-col-50 elementor-top-column elementor-element elementor-element-152137c elementor-hidden-phone\" data-id=\"152137c\" data-element_type=\"column\">\n\t\t\t<div class=\"elementor-widget-wrap elementor-element-populated\">\n\t\t\t\t\t\t<div class=\"elementor-element elementor-element-f587435 elementor-widget elementor-widget-text-editor\" data-id=\"f587435\" data-element_type=\"widget\" data-widget_type=\"text-editor.default\">\n\t\t\t\t<div class=\"elementor-widget-container\">\n\t\t\t\t\t\t\t\t\t<p><a href=\"https:\/\/agathaubiali.com.br\/site\/tratamentos\/\">&lt; voltar<\/a><\/p>\t\t\t\t\t\t\t\t<\/div>\n\t\t\t\t<\/div>\n\t\t\t\t\t<\/div>\n\t\t<\/div>\n\t\t\t\t\t<\/div>\n\t\t<\/section>\n\t\t\t\t<section class=\"elementor-section elementor-top-section elementor-element elementor-element-2ed573e elementor-section-boxed elementor-section-height-default elementor-section-height-default\" data-id=\"2ed573e\" data-element_type=\"section\">\n\t\t\t\t\t\t<div class=\"elementor-container elementor-column-gap-default\">\n\t\t\t\t\t<div class=\"elementor-column elementor-col-100 elementor-top-column elementor-element elementor-element-f1c3be0\" data-id=\"f1c3be0\" data-element_type=\"column\">\n\t\t\t<div class=\"elementor-widget-wrap elementor-element-populated\">\n\t\t\t\t\t\t<div class=\"elementor-element elementor-element-9a866de elementor-pagination-position-outside elementor-widget elementor-widget-image-carousel\" data-id=\"9a866de\" data-element_type=\"widget\" data-settings=\"{&quot;slides_to_show&quot;:&quot;1&quot;,&quot;navigation&quot;:&quot;dots&quot;,&quot;autoplay_speed&quot;:6000,&quot;speed&quot;:900,&quot;autoplay&quot;:&quot;yes&quot;,&quot;pause_on_hover&quot;:&quot;yes&quot;,&quot;pause_on_interaction&quot;:&quot;yes&quot;,&quot;infinite&quot;:&quot;yes&quot;,&quot;effect&quot;:&quot;slide&quot;}\" data-widget_type=\"image-carousel.default\">\n\t\t\t\t<div class=\"elementor-widget-container\">\n\t\t\t\t\t\t\t<div class=\"elementor-image-carousel-wrapper swiper\" role=\"region\" aria-roledescription=\"carousel\" aria-label=\"Carrossel de imagens\" dir=\"ltr\">\n\t\t\t<div class=\"elementor-image-carousel swiper-wrapper\" aria-live=\"off\">\n\t\t\t\t\t\t\t\t<div class=\"swiper-slide\" role=\"group\" aria-roledescription=\"slide\" aria-label=\"1 de 2\"><figure class=\"swiper-slide-inner\"><picture><source srcset=\"https:\/\/agathaubiali.com.br\/site\/wp-content\/webp-express\/webp-images\/uploads\/elementor\/thumbs\/bix-opvcq6ofz6htiyzvj6s3qlagof0jo2eosuwizg46uw.jpg.webp\" type=\"image\/webp\"><img decoding=\"async\" class=\"swiper-slide-image webpexpress-processed\" src=\"https:\/\/agathaubiali.com.br\/site\/wp-content\/uploads\/elementor\/thumbs\/bix-opvcq6ofz6htiyzvj6s3qlagof0jo2eosuwizg46uw.jpg\" alt=\"bix\"><\/picture><\/figure><\/div><div class=\"swiper-slide\" role=\"group\" aria-roledescription=\"slide\" aria-label=\"2 de 2\"><figure class=\"swiper-slide-inner\"><picture><source srcset=\"https:\/\/agathaubiali.com.br\/site\/wp-content\/webp-express\/webp-images\/uploads\/elementor\/thumbs\/bux-opvf7smjil5wcou09x7pfz8fetc9ha5h4duy1391o8.jpg.webp\" type=\"image\/webp\"><img decoding=\"async\" class=\"swiper-slide-image webpexpress-processed\" src=\"https:\/\/agathaubiali.com.br\/site\/wp-content\/uploads\/elementor\/thumbs\/bux-opvf7smjil5wcou09x7pfz8fetc9ha5h4duy1391o8.jpg\" alt=\"bux\"><\/picture><\/figure><\/div>\t\t\t<\/div>\n\t\t\t\t\t\t\t\n\t\t\t\t\t\t\t\t\t<div class=\"swiper-pagination\"><\/div>\n\t\t\t\t\t\t\t\t\t<\/div>\n\t\t\t\t\t\t<\/div>\n\t\t\t\t<\/div>\n\t\t\t\t<div class=\"elementor-element elementor-element-645750c elementor-invisible elementor-widget elementor-widget-text-editor\" data-id=\"645750c\" data-element_type=\"widget\" data-settings=\"{&quot;_animation&quot;:&quot;fadeIn&quot;}\" data-widget_type=\"text-editor.default\">\n\t\t\t\t<div class=\"elementor-widget-container\">\n\t\t\t\t\t\t\t\t\t<p>A bichectomia ou lipoplastia facial consiste na remo\u00e7\u00e3o da Bola de Bichat, trazendo assim uma redu\u00e7\u00e3o no volume das bochechas. O procedimento tem sido bastante procurado por pessoas que est\u00e3o insatisfeitas com o formato do rosto. Vale ressaltar que mesmo em casos de emagrecimento, esse tecido gorduroso (Bola de Bichat) n\u00e3o reduz e assim o paciente pode continuar com o formato mais arredondado da face. A melhor parte disso tudo \u00e9 que o rosto fica mais harm\u00f4nico e o procedimento \u00e9 bem tranquilo e pouco invasivo<\/p>\t\t\t\t\t\t\t\t<\/div>\n\t\t\t\t<\/div>\n\t\t\t\t<div class=\"elementor-element elementor-element-3f20057 animated-fast elementor-invisible elementor-widget elementor-widget-heading\" data-id=\"3f20057\" data-element_type=\"widget\" data-settings=\"{&quot;_animation&quot;:&quot;fadeInDown&quot;}\" data-widget_type=\"heading.default\">\n\t\t\t\t<div class=\"elementor-widget-container\">\n\t\t\t\t\t<h6 class=\"elementor-heading-title elementor-size-default\">Como \u00e9 o procedimento?<\/h6>\t\t\t\t<\/div>\n\t\t\t\t<\/div>\n\t\t\t\t<div class=\"elementor-element elementor-element-0bb55df elementor-invisible elementor-widget elementor-widget-text-editor\" data-id=\"0bb55df\" data-element_type=\"widget\" data-settings=\"{&quot;_animation&quot;:&quot;fadeIn&quot;}\" data-widget_type=\"text-editor.default\">\n\t\t\t\t<div class=\"elementor-widget-container\">\n\t\t\t\t\t\t\t\t\t<p>\u00c9 uma cirurgia, por dentro da boca, com dura\u00e7\u00e3o aproximada de 30 minutos, onde \u00e9 feita anestesia no local, um corte de aproximadamente 2cm e a retirada da gordura, o local \u00e9 fechado com um ponto simples. Ap\u00f3s a cirurgia o paciente utiliza uma faixa compressiva por 3 dias, tem alguns cuidados como evitar esfor\u00e7o f\u00edsico, tomar a medica\u00e7\u00e3o prescrita na hora certa e tamb\u00e9m cuidados na alimenta\u00e7\u00e3o.<\/p>\t\t\t\t\t\t\t\t<\/div>\n\t\t\t\t<\/div>\n\t\t\t\t<div class=\"elementor-element elementor-element-75dcebd animated-fast elementor-invisible elementor-widget elementor-widget-heading\" data-id=\"75dcebd\" data-element_type=\"widget\" data-settings=\"{&quot;_animation&quot;:&quot;fadeInDown&quot;}\" data-widget_type=\"heading.default\">\n\t\t\t\t<div class=\"elementor-widget-container\">\n\t\t\t\t\t<h6 class=\"elementor-heading-title elementor-size-default\">Como saber se \u00e9 indicado para mim?<\/h6>\t\t\t\t<\/div>\n\t\t\t\t<\/div>\n\t\t\t\t<div class=\"elementor-element elementor-element-4999f4a elementor-invisible elementor-widget elementor-widget-text-editor\" data-id=\"4999f4a\" data-element_type=\"widget\" data-settings=\"{&quot;_animation&quot;:&quot;fadeIn&quot;}\" data-widget_type=\"text-editor.default\">\n\t\t\t\t<div class=\"elementor-widget-container\">\n\t\t\t\t\t\t\t\t\t<p>A principal indica\u00e7\u00e3o da remo\u00e7\u00e3o dessa bola de gordura \u00e9 para pacientes que mordem muito a bochecha devido ao estreitamento do corredor bucal, formando aquela linha esbranqui\u00e7ada conhecida como linha alba. Por\u00e9m \u00e9 procurado tamb\u00e9m por pacientes que querem um rosto mais magro.<\/p>\t\t\t\t\t\t\t\t<\/div>\n\t\t\t\t<\/div>\n\t\t\t\t\t<\/div>\n\t\t<\/div>\n\t\t\t\t\t<\/div>\n\t\t<\/section>\n\t\t\t\t<\/div>\n\t\t","protected":false},"excerpt":{"rendered":"<p>Est\u00e9tica, rejuvenescimento, naturalidade e mais beleza \u00e0 face Op\u00e7\u00f5es de tratamento &gt; [&hellip;]<\/p>\n","protected":false},"author":1,"featured_media":0,"parent":0,"menu_order":0,"comment_status":"closed","ping_status":"closed","template":"elementor_header_footer","meta":{"footnotes":"","_vp_format_video_url":"","_vp_image_focal_point":[]},"_links":{"self":[{"href":"https:\/\/agathaubiali.com.br\/site\/wp-json\/wp\/v2\/pages\/765"}],"collection":[{"href":"https:\/\/agathaubiali.com.br\/site\/wp-json\/wp\/v2\/pages"}],"about":[{"href":"https:\/\/agathaubiali.com.br\/site\/wp-json\/wp\/v2\/types\/page"}],"author":[{"embeddable":true,"href":"https:\/\/agathaubiali.com.br\/site\/wp-json\/wp\/v2\/users\/1"}],"replies":[{"embeddable":true,"href":"https:\/\/agathaubiali.com.br\/site\/wp-json\/wp\/v2\/comments?post=765"}],"version-history":[{"count":0,"href":"https:\/\/agathaubiali.com.br\/site\/wp-json\/wp\/v2\/pages\/765\/revisions"}],"wp:attachment":[{"href":"https:\/\/agathaubiali.com.br\/site\/wp-json\/wp\/v2\/media?parent=765"}],"curies":[{"name":"wp","href":"https:\/\/api.w.org\/{rel}","templated":true}]}}